{"id":2,"date":"2019-01-10T12:41:49","date_gmt":"2019-01-10T11:41:49","guid":{"rendered":"http:\/\/topklasse.lima-city.de\/?page_id=2"},"modified":"2019-09-23T16:03:15","modified_gmt":"2019-09-23T14:03:15","slug":"beispiel-seite","status":"publish","type":"page","link":"https:\/\/topklasse.lima-city.de\/?page_id=2","title":{"rendered":"\u00fcber Hansena Br\u00e4u"},"content":{"rendered":"\n<p>Der Ursprung von Hansena Br\u00e4u ist im Jahr 1891 , als in V\u00f6lklingen - Geislautern gleichnamige Brauerei gegr\u00fcndet wurde.<\/p>\n\n\n\n<p>Professor Nathan,ein Verwandter Albert Einsteins entwickelte dort ein eigenes Brauverfahren.<\/p>\n\n\n\n<p>1921 die Brauerei an die Schlossbrauerei in Neunkirchen verkauft .<\/p>\n\n\n\n<p>Die Marke Hansena verschwand und es wurde nur noch Schloss Br\u00e4u produziert.Wegen Kriegssch\u00e4den wurde der Braubetrieb 1945 endg\u00fcltig aufgegeben. <\/p>\n\n\n\n<p>Die Marke wurde 2019 wiederbelebt und vielleicht gibt es in ferner Zukunft auch wieder fl\u00fcssiges Hansena Br\u00e4u.<\/p>\n\n\n\n<blockquote class=\"wp-block-quote is-layout-flow wp-block-quote-is-layout-flow\"><p>Aktuell starte ich als Bierblog und berichte von Bier , Brauereien und Bierfestivals in der ganzen Welt.<\/p><\/blockquote>\n\n\n\n<p>...Lizenzierung :<\/p>\n\n\n\n<blockquote class=\"wp-block-quote is-layout-flow wp-block-quote-is-layout-flow\"><p>Wenn Sie selbst Bier herstellen oder vertreiben , bietet sich eine<\/p><p>Lizenzierung von Hansena Br\u00e4u an.Kontaktieren Sie mich f\u00fcr mehr Infos.<\/p><\/blockquote>\n\n\n\n<p>Ich w\u00fcnsche viel Spass mit Hansena Br\u00e4u<\/p>\n\n\n\n<p>Auszug aus dem historischen Brauereiverzeichnis :<\/p>\n\n\n\n<h2 class=\"wp-block-heading\"><strong>Hansena-Brauerei , Akt.-Ges. in Geislautern , Rheinland<\/strong><\/h2>\n\n\n\n<p>Gegr\u00fcndet:3.7.1905;eingetr. 7.10.1905 in V\u00f6lklingen.Gr\u00fcnder siehe Jahrgang 1908\/1909.(wer kann helfen ?)Statut\u00e4nderung 25.6.1909.<\/p>\n\n\n\n<p>Zweck:Errichtung und Betrieb einer Bierbrauerei.Die zur Zeit auf eine Produktion von ca 60000 hl eingerichtete Brauerei kam im August 1906 in Betrieb.Bierabsatz 1907-1909:24900,2800 , ca 24000 hl.<\/p>\n\n\n\n<p>Kapital:M.500000 in 500 Aktien \u00e0 M.1000.Die GV vom 16.6.1908 beschloss Erh\u00f6hung des AK auf M 1000000 durch Ausgabe von M 500000 neuer Aktien,auf die den Aktion\u00e4ren ein Bezugsrecht 2:1 zu pari zustand.Den Besitzern von Genussscheinen stand bis Ende 1908 Umwandlung ihrer Genussscheine bis zu 50 % ihres sonst.Aktienbesitzes ohne Agio in Aktien frei.Im \u00fcbrigen wurden die Aktien zu M 1150 ausgeboten.<\/p>\n\n\n\n<p>Diese Erh\u00f6hung des AK wurde aus Mangel an Zeichnungen nicht durchgef\u00fchrt,vielmehr beschloss die a.o. GV vom 25.6.1909:<\/p>\n\n\n\n<p>Diejenigen Aktien,f\u00fcr welche ein Gewinnanteilschein von M 300 bezogen wird,werden als Vorzugsaktien angesehen und geniessen eine Vorzugsdividende von 4% , ebenso die Genussscheine.Sodann werden noch Gewinnanteilscheine bis zum Betrage von M 30000 zum Nennwerte von M 300 f\u00fcr das St\u00fcck ausgelost oder durch R\u00fcckkauf erworben;auch kann die GV die Amortisier. eines h\u00f6heren Betrages beschliessen.Das Resultat der Zeichnungen auf Gewinnanteilscheine ergab Zeichnungen auf 280 Aktien,die der Gesellschaft M 84000 zuf\u00fchrten,welcher Betrag mit M 69000 zur Abschreib. und mit M 15000 zur Bildung eines Delkr.-F.verwendet wurden.<\/p>\n\n\n\n<p>Genussscheine:Zur Vergr\u00f6sserung der Brauerei wurden 1907 300 Genussscheine \u00e0 M 1000 ausgegeben;dieselben sind am Gewinn mit einer Div.in der f\u00fcr das AK beschlosssenen H\u00f6he beteiligt,sie sind seitens des Inhabers unk\u00fcndbar;am 31.12.1909 mit M 241000 zu Buch stehend.<\/p>\n\n\n\n<p>Hypotheken:M 451014 (Stand ult.1909)<\/p>\n\n\n\n<p>Oblig.Anleihe:M 300000 seit 1909 s\u00e4mtlich begeben<\/p>\n\n\n\n<p>Gesch\u00e4ftsjahr:Kalenderjahr<\/p>\n\n\n\n<p>Gen.-Vers:Im I Gesch\u00e4ftsvierteljahr<\/p>\n\n\n\n<p>Stimmrecht:1 Aktie = 1 Stimme<\/p>\n\n\n\n<p>Bilanz am 31.12.1909 : <\/p>\n\n\n\n<p>Aktiva:Brauereigrundst\u00fccke 115835 , do.Geb\u00e4ude 449610,Wirtschaftsgeb\u00e4ude und Grundst\u00fccke 336464,Kto-Erweiter.103729,Mach.und Appararte 210159,Gef\u00e4sse 157318,Mobil.21752,Transportgef\u00e4sse 52672,Fuhrpark 25808,Eisenbahnwaggons 17500,Flaschen 4770,Utensil.4161,Kassa283,Bankguthaben 840,Hypotheken-Darlehen und Fondsdebit.254683,Deb.47068,Avale 10500,Kaut.270,Wechsel 795,Vorr\u00e4te 55767,Inventar 71504,Bier und Treber Debit 86548,Disagiokto 18000,Debit aus Gewinnanteilzeichn.78600,Verlust:27354<\/p>\n\n\n\n<p>Passiva:AK 500000,Genussscheine 241000,Hypotheken 451014,Oblig.300000,Kredit 123952,Avalekredit 10500,Akzepte 31239,Bankkonto 93252,Hypothek af Wirtschaftsgeb\u00e4ude 230529,Lombardkonto 154624,RF 880,Delkr.-Konto 15000,Sa.M2151993<\/p>\n\n\n\n<p>Gewinn und Verlust-Konto:Debet:Malz und Hopfen 107375,Braukosten 109962,Verwalt.und Verkauf 140166 (davon 38491 Zs.)--Kredit:Bier 320940,Nebenprodukte 8904,Grundst\u00fccksertrag 139,Kto div.Lokale (\u00dcberschuss) 165 ,Verlust 27354 Sa.M.357504<\/p>\n\n\n\n<p>Dividenden 1905-1909 0,0,0,0% Direktion:Max Klippel,Georg M\u00fcller.<\/p>\n\n\n\n<p>Aufsichtsrat:Vors.Stefan Studert,Zeltingen,Stellvertr.Bankvorst Peter Legendre,Trier;Chem.Leopold Nathan;Verbandssekret\u00e4r Raimund Faust,Trier;Georg Schneider ,Saarbr\u00fccken<\/p>\n\n\n\n<p><\/p>\n\n\n\n<p>=<\/p>\n","protected":false},"excerpt":{"rendered":"Der Ursprung von Hansena Br\u00e4u ist im Jahr 1891 , als in V\u00f6lklingen - Geislautern gleichnamige Brauerei gegr\u00fcndet wurde. Professor Nathan,ein Verwandter Albert Einsteins entwickelte dort ein eigenes Brauverfahren. 1921 die Brauerei an die Schlossbrauerei in Neunkirchen verkauft . Die Marke Hansena verschwand und es wurde nur noch Schloss Br\u00e4u produziert.Wegen Kriegssch\u00e4den wurde der Braubetrieb [&hellip;]","protected":false},"author":1,"featured_media":6,"parent":0,"menu_order":0,"comment_status":"closed","ping_status":"open","template":"","meta":{"footnotes":""},"class_list":["post-2","page","type-page","status-publish","has-post-thumbnail","hentry"],"jetpack_sharing_enabled":true,"_links":{"self":[{"href":"https:\/\/topklasse.lima-city.de\/index.php?rest_route=\/wp\/v2\/pages\/2","targetHints":{"allow":["GET"]}}],"collection":[{"href":"https:\/\/topklasse.lima-city.de\/index.php?rest_route=\/wp\/v2\/pages"}],"about":[{"href":"https:\/\/topklasse.lima-city.de\/index.php?rest_route=\/wp\/v2\/types\/page"}],"author":[{"embeddable":true,"href":"https:\/\/topklasse.lima-city.de\/index.php?rest_route=\/wp\/v2\/users\/1"}],"replies":[{"embeddable":true,"href":"https:\/\/topklasse.lima-city.de\/index.php?rest_route=%2Fwp%2Fv2%2Fcomments&post=2"}],"version-history":[{"count":2,"href":"https:\/\/topklasse.lima-city.de\/index.php?rest_route=\/wp\/v2\/pages\/2\/revisions"}],"predecessor-version":[{"id":54,"href":"https:\/\/topklasse.lima-city.de\/index.php?rest_route=\/wp\/v2\/pages\/2\/revisions\/54"}],"wp:featuredmedia":[{"embeddable":true,"href":"https:\/\/topklasse.lima-city.de\/index.php?rest_route=\/wp\/v2\/media\/6"}],"wp:attachment":[{"href":"https:\/\/topklasse.lima-city.de\/index.php?rest_route=%2Fwp%2Fv2%2Fmedia&parent=2"}],"curies":[{"name":"wp","href":"https:\/\/api.w.org\/{rel}","templated":true}]}}