{"id":202,"date":"2021-01-26T18:07:18","date_gmt":"2021-01-26T17:07:18","guid":{"rendered":"http:\/\/topklasse.lima-city.de\/?page_id=202"},"modified":"2026-01-04T17:57:15","modified_gmt":"2026-01-04T16:57:15","slug":"brauereinews","status":"publish","type":"page","link":"https:\/\/topklasse.lima-city.de\/?page_id=202","title":{"rendered":"Brauereinews"},"content":{"rendered":"\n<p class=\"has-text-align-center\"><strong>\u00dcBERNAHMEN \/ BESITZERWECHSEL:<\/strong><\/p>\n\n\n\n<p>2025:<\/p>\n\n\n\n<p>SCHLOSSBRAUEREI HOHENTHANN hat das LANDSHUTER BRAUHAUS \u00fcbernommen,das Bier wird schon l\u00e4nger dort gebraut<\/p>\n\n\n\n<p>GAFFEL K\u00d6LN hat die M\u00dcHLEN K\u00d6LSCH \u00fcbernommen<\/p>\n\n\n\n<p>LANDGANG HAMBURG hat die insolvente LILLE BRAUEREI KIEL \u00fcbernommen<\/p>\n\n\n\n<p>HERZOGLICH BAYERISCHES BRAUHAUS TEGERNSEE hat HOPF BRAUEREI MIESBACH \u00fcbernommen<\/p>\n\n\n\n<p>2024:<\/p>\n\n\n\n<p>WELDE PLANKSTADT hat die HEIDELBERGER BRAUEREI \u00fcbernommen<\/p>\n\n\n\n<p>BRAUEREI K\u00dcHBACH hat BRAUEREI MAISACH \u00fcbernommen<\/p>\n\n\n\n<p>GREIZER BRAUEREI<\/p>\n\n\n\n<p>BRUCH BR\u00c4U SAARBR\u00dcCKEN jetzt PRIVATBRAUEREI SAAR GMBH NEUNKIRCHEN<\/p>\n\n\n\n<p>BRAUEREI HUTTHURM<\/p>\n\n\n\n<p class=\"has-text-align-center has-vivid-red-color has-text-color\"><strong>INSOLVENZEN:<\/strong><\/p>\n\n\n\n<p>2025:<\/p>\n\n\n\n<p>EICHBAUM BRAUEREI MANNHEIM<\/p>\n\n\n\n<p>GENOSSENSCHAFTSBRAUEREI R\u00d6TZ<\/p>\n\n\n\n<p>SPESSART BRAUEREI KREUZWERTHEIM<\/p>\n\n\n\n<p>ROSEN BRAUEREI P\u00d6SSNECK<\/p>\n\n\n\n<p>SCHULZENS TANGERM\u00dcNDE<\/p>\n\n\n\n<p>KN\u00c4RZJE FRANKFURT<\/p>\n\n\n\n<p><\/p>\n\n\n\n<p>--------------------------------------------------------------------------------------------------------------------<\/p>\n\n\n\n<p class=\"has-text-align-center has-vivid-red-color has-text-color\"><strong>:<\/strong><\/p>\n\n\n\n<p><strong>EIGENER BRAUBETRIEB EINGESTELLT<\/strong> :<\/p>\n\n\n\n<p>2026:<\/p>\n\n\n\n<p>BRAUEREI HECHT ZIMMERN hat den eigenen Braubetrieb aufgrund eines Brandes eingestellt<\/p>\n\n\n\n<p>2025:<\/p>\n\n\n\n<p>H\u00dcTT BRAUEREI BAUNATAL - Lohnsud bei SCHLOSSBRAUEREI RHEDER<\/p>\n\n\n\n<p>LANDSBERGER BRAUEREI<\/p>\n\n\n\n<p>EHRINGSDORFER WEIMAR - Lohnsud bei Rosen P\u00f6ssneck<\/p>\n\n\n\n<p>M\u00c4RKL FREUDENBURG<\/p>\n\n\n\n<p>LANG BR\u00c4U SCH\u00d6NBRUNN<\/p>\n\n\n\n<p>TOBIAS BR\u00c4U MARKT INDERSDORF<\/p>\n\n\n\n<p>2024:<\/p>\n\n\n\n<p>GROSSWALD BRAUEREI EIWEILER Lohnsud in AUTENRIED<\/p>\n\n\n\n<p>B\u00d6HRINGER BIER HIRSCHBRAUEREI R\u00d6MERSTEIN<\/p>\n\n\n\n<p>HIRSCH BR\u00c4U STEINHEIM S\u00d6HNSTETTEN<\/p>\n\n\n\n<p>GAMBRINUS WEIDEN<\/p>\n\n\n\n<p>GESELLSCHAFTSBRAUEREI VIECHTACH Markenrechte bei Hofmark Cham<\/p>\n\n\n\n<p>LANDWINKL BRAUEREI BAMBERG<\/p>\n\n\n\n<p>BRAUEREI KRIEGER LANDAU Markenrechte jetzt bei Arco<\/p>\n\n\n\n<p>KARMELITENBR\u00c4U BAD NEUSTADT \/ SAALE Markenrechte jetzt bei Oettinger<\/p>\n\n\n\n<p>HELLERS BRAUHAUS K\u00d6LN<\/p>\n\n\n\n<p>R\u00dcTTENSCHEIDER HAUSBRAUEREI ESSEN<\/p>\n\n\n\n<p>KOBLENZER BRAUEREI<\/p>\n\n\n\n<p>ALLERSHEIMER BRAUEREI HOLZMINDEN (Fusion mit Westheimer Brauerei,Produktionseinstellung Allersheim) im Sommer<\/p>\n\n\n\n<p>2023 : <\/p>\n\n\n\n<p>MAX BRAUEREI ALTENSTADT<\/p>\n\n\n\n<p>NEUNKIRCHER BRAUWERKE (BACHS BEER) (Lohnbrau bei KRAFTBR\u00c4U TRIER)<\/p>\n\n\n\n<p>HOCHW\u00c4LDER BRAUHAUS , LOSHEIM<\/p>\n\n\n\n<p>K\u00d6RPRICHER LANDBR\u00c4U NALBACH<\/p>\n\n\n\n<p>GROSSWALD BRAUEREI HEUSWEILER (JETZT IN KIRN UND AUTENRIED GEBRAUT)<\/p>\n\n\n\n<p>H\u00c4RKE PEINE (JETZT IN EINBECK GEBRAUT)<\/p>\n\n\n\n<p>MEMMINGER BRAUEREI (JETZT IN GROSSK\u00d6LLNBACH BEI EGERER GEBRAUT)<\/p>\n\n\n\n<p>PFUNGST\u00c4DTER BRAUEREI (LOHNBRAU BEI EDER &amp; HEYLANDS ASCHAFFENBURG UND STRECKS BRAUHAUS OSTHEIM)<\/p>\n\n\n\n<p>SCHWANENBR\u00c4U WERTINGEN (LOHNBRAU SCHLOSSBRAUEREI UNTERBAAR)<\/p>\n\n\n\n<p>CREW REPUBLIC (LOHNBRAU BEI BITBURGER)<\/p>\n\n\n\n<p>BINDING BRAUEREI FRANKFURT \/  MAIN (LOHNBRAU BEI ANDEREN RADEBERGER BETRIEBSTEILEN,UA TUCHER N\u00dcRNBERG)<\/p>\n\n\n\n<p>2022:<\/p>\n\n\n\n<p>BRUCH BRAUEREI SAARBRUECKEN (LOHNBRAU BEI KIRNER BRAUEREI)<\/p>\n\n\n\n<p>BRAUEREI W\u00dcRTH WINDISCHESCHENBACH (LOHNBRAU BEI SCHEUERER MOOSBACH)<\/p>\n\n\n\n<p>BRAUEREI MURMANN UNTERSIEMAU (LOHNBRAU BEI G\u00d6LLER ZEIL )<\/p>\n\n\n\n<p>KLOSTERBRAUEREI URSBERG (LOHNBRAU BEI LINDENBR\u00c4U MINDELHEIM)<\/p>\n\n\n\n<p>BRAUEREI EICHHORN FORCHHEIM (LOHNBRAU BEI HERTL)<\/p>\n\n\n\n<p>LAMM BRAUEREI WEILHEIM<\/p>\n\n\n\n<p class=\"has-text-align-center has-vivid-red-color has-text-color\"><strong>AUSGETRUNKEN:<\/strong><\/p>\n\n\n\n<p>2025:<\/p>\n\n\n\n<p>LANG BR\u00c4U SCH\u00d6NBRUNN<\/p>\n\n\n\n<p>M\u00c4RKL FREUDENBERG<\/p>\n\n\n\n<p>BECKN BIER PEGNITZ B\u00dcCHENBACH<\/p>\n\n\n\n<p>MALZSCHMIED WALLENFELS<\/p>\n\n\n\n<p>KASTNER ERBENDORF<\/p>\n\n\n\n<p>2024:<\/p>\n\n\n\n<p>POSTBR\u00c4U THANNHAUSEN<\/p>\n\n\n\n<p>SCHL\u00d6SSLE NEU ULM \/ OFFENHAUSEN<\/p>\n\n\n\n<p>RIEDL PL\u00d6SSBERG<\/p>\n\n\n\n<p>ALT DIETZHOF LEUTENBACH<\/p>\n\n\n\n<p>T\u00c4LESBR\u00c4U WEISSACH<\/p>\n\n\n\n<p>S\u00dcDWESTBIER GRIESHEIM<\/p>\n\n\n\n<p>2023:<\/p>\n\n\n\n<p>STOXX BR\u00c4U STOCKHEIM<\/p>\n\n\n\n<p>BRAUEREI BACHMAYER DORFEN<\/p>\n\n\n\n<p>BRAUEREI FL\u00dcGGE FRANKFURT<\/p>\n\n\n\n<p>B\u00d6HMISCH BRAUHAUS GROSSR\u00d6HRSDORF<\/p>\n\n\n\n<p>MEMMINGER BRAUEREI<\/p>\n\n\n\n<p><\/p>\n\n\n\n<p><\/p>\n\n\n\n<p>2022:<\/p>\n\n\n\n<p>LAMM BRAUEREI LEUTENBACH<\/p>\n\n\n\n<p>FRANKENW\u00c4LDER BRAUHAUS NAILA (2023 WIEDER IN BETRIEB GENOMMEN VON<\/p>\n\n\n\n<p>META BREW SOCIETY)<\/p>\n\n\n\n<p>BRAUEREI LEICHT PFERDSFELD<\/p>\n\n\n\n<p>BRAUEREI BISCHOFF WINNWEILER<\/p>\n\n\n\n<p>BRAUHOF SAAR SAARBR\u00dcCKEN<\/p>\n\n\n\n<p>BRAUEREI HINTEREDER CHAMM\u00dcNSTER<\/p>\n\n\n\n<p>BRAUEREI WASSERBURGER DINGOLFING<\/p>\n\n\n\n<p><\/p>\n\n\n\n<p><\/p>\n\n\n\n<p>2021 : <\/p>\n\n\n\n<p>BRAUEREI HELLER HERZOGENAURACH<\/p>\n\n\n\n<p>BRAUEREI WINDSHEIMER GUTENSTETTEN<\/p>\n\n\n\n<p>HIRSCHEN BRAUEREI WALDKIRCH<\/p>\n\n\n\n<p>mehr News:<\/p>\n\n\n\n<p><a href=\"https:\/\/news.google.com\/search?q=brauerei&amp;hl=de&amp;gl=DE&amp;ceid=DE%3Ade\" target=\"_blank\" rel=\"noreferrer noopener\">Google News Brauerei<\/a><\/p>\n\n\n\n<p><a href=\"https:\/\/www.bambergbeerguide.com\/discuss\" target=\"_blank\" rel=\"noreferrer noopener\">Franconia Beerguide<\/a><\/p>\n\n\n\n<p><a href=\"http:\/\/german-breweries.com\/\" target=\"_blank\" rel=\"noreferrer noopener\">German Breweries . com<\/a><\/p>\n\n\n\n<p><a rel=\"noreferrer noopener\" href=\"https:\/\/beerme.com\/index.php\" target=\"_blank\">Beerme . com<\/a><\/p>\n\n\n\n<p><\/p>\n\n\n","protected":false},"excerpt":{"rendered":"\u00dcBERNAHMEN \/ BESITZERWECHSEL: 2025: SCHLOSSBRAUEREI HOHENTHANN hat das LANDSHUTER BRAUHAUS \u00fcbernommen,das Bier wird schon l\u00e4nger dort gebraut GAFFEL K\u00d6LN hat die M\u00dcHLEN K\u00d6LSCH \u00fcbernommen LANDGANG HAMBURG hat die insolvente LILLE BRAUEREI KIEL \u00fcbernommen HERZOGLICH BAYERISCHES BRAUHAUS TEGERNSEE hat HOPF BRAUEREI MIESBACH \u00fcbernommen 2024: WELDE PLANKSTADT hat die HEIDELBERGER BRAUEREI \u00fcbernommen BRAUEREI K\u00dcHBACH hat BRAUEREI MAISACH [&hellip;]","protected":false},"author":1,"featured_media":0,"parent":0,"menu_order":0,"comment_status":"closed","ping_status":"closed","template":"","meta":{"footnotes":"[]"},"class_list":["post-202","page","type-page","status-publish","hentry"],"jetpack_sharing_enabled":true,"_links":{"self":[{"href":"https:\/\/topklasse.lima-city.de\/index.php?rest_route=\/wp\/v2\/pages\/202","targetHints":{"allow":["GET"]}}],"collection":[{"href":"https:\/\/topklasse.lima-city.de\/index.php?rest_route=\/wp\/v2\/pages"}],"about":[{"href":"https:\/\/topklasse.lima-city.de\/index.php?rest_route=\/wp\/v2\/types\/page"}],"author":[{"embeddable":true,"href":"https:\/\/topklasse.lima-city.de\/index.php?rest_route=\/wp\/v2\/users\/1"}],"replies":[{"embeddable":true,"href":"https:\/\/topklasse.lima-city.de\/index.php?rest_route=%2Fwp%2Fv2%2Fcomments&post=202"}],"version-history":[{"count":61,"href":"https:\/\/topklasse.lima-city.de\/index.php?rest_route=\/wp\/v2\/pages\/202\/revisions"}],"predecessor-version":[{"id":580,"href":"https:\/\/topklasse.lima-city.de\/index.php?rest_route=\/wp\/v2\/pages\/202\/revisions\/580"}],"wp:attachment":[{"href":"https:\/\/topklasse.lima-city.de\/index.php?rest_route=%2Fwp%2Fv2%2Fmedia&parent=202"}],"curies":[{"name":"wp","href":"https:\/\/api.w.org\/{rel}","templated":true}]}}