{"id":31,"date":"2019-08-18T13:09:24","date_gmt":"2019-08-18T11:09:24","guid":{"rendered":"http:\/\/topklasse.lima-city.de\/?page_id=31"},"modified":"2026-04-18T10:45:30","modified_gmt":"2026-04-18T08:45:30","slug":"bierfestivals-weltweit","status":"publish","type":"page","link":"https:\/\/topklasse.lima-city.de\/?page_id=31","title":{"rendered":"Bierfestivals weltweit"},"content":{"rendered":"\n<p>*bin dabei.<\/p>\n\n\n\n<p>mehr Tipps unter <a href=\"https:\/\/bestbeerfestivals.com\/\" target=\"_blank\" rel=\"noreferrer noopener\">https:\/\/bestbeerfestivals.com\/<\/a><\/p>\n\n\n\n<p><strong>FEBRUAR 2026<\/strong><\/p>\n\n\n\n<p><a href=\"https:\/\/www.beerandfoodattraction.it\/\" target=\"_blank\" rel=\"noreferrer noopener\">BEER ATTRACTION RIMINI <\/a> 15.-17.FEBRUAR 2026<\/p>\n\n\n\n<p><strong>M\u00c4RZ 2026<\/strong><\/p>\n\n\n\n<p><a href=\"https:\/\/www.sabf.eu\/\">Salon des Brasseurs et du Flipper ARLON BELGIEN<\/a> 14.-15.M\u00c4RZ 2026<\/p>\n\n\n\n<p><a href=\"https:\/\/www.facebook.com\/letitbeerfest\/\" target=\"_blank\" rel=\"noreferrer noopener\">LET IT BEER BURGDORF CH<\/a> 20.-22.M\u00c4RZ 2026<\/p>\n\n\n\n<p><strong>APRIL 2026<\/strong><\/p>\n\n\n\n<p><a href=\"https:\/\/frankenbierfest.com\/\">FRANKENBIERFEST ROM<\/a> 10.-12.APRIL 2026<\/p>\n\n\n\n<p><a href=\"https:\/\/barcelonabeerfestival.com\">BARCELONA BEERFEST SP<\/a> 10.-12.APRIL 2026<\/p>\n\n\n\n<p>TAG DES DEUTSCHEN BIERES 23.APRIL 2026<\/p>\n\n\n\n<p>EVENTS UA. IN :<\/p>\n\n\n\n<p><a href=\"https:\/\/brauereigasthof-autenried.de\/gasthof\/gasthofbrauereihoffest-mit-oldtimertreffen-event18906?#content\">AUTENRIED <\/a>19.APRIL 2026<\/p>\n\n\n\n<p><a href=\"https:\/\/unser-braustuebl.de\/freunde\/events\/\">DARMSTADT <\/a>23.APRIL 2026<\/p>\n\n\n\n<p>AMBERG , BAMBERG , AMMERNDORF<\/p>\n\n\n\n<p><\/p>\n\n\n\n<p><strong>MAI 2026<\/strong><\/p>\n\n\n\n<p><a href=\"https:\/\/beermad.es\/\">BEERMAD MADRID<\/a>  22.-24.MAI 2026<\/p>\n\n\n\n<p><a href=\"https:\/\/www.facebook.com\/events\/2411464595904659\/?acontext=%7B%22event_action_history%22%3A[%7B%22mechanism%22%3A%22search_results%22%2C%22surface%22%3A%22bookmark_search%22%7D]%2C%22ref_notif_type%22%3Anull%7D\" target=\"_blank\" rel=\"noreferrer noopener\">MIKKELLER KOPENHAGEN<\/a> DK 22.-23.MAI 2026<\/p>\n\n\n\n<p><strong>JUNI 2026<\/strong><\/p>\n\n\n\n<p><a href=\"https:\/\/hopfenseidank.de\/events\/festival-der-dortmunder-bierkultur\/\">Fest der Dortmunder Bierkultur<\/a> 3.-6.JUNI 2026<\/p>\n\n\n\n<p><a href=\"https:\/\/www.bierboerse.com\/city\/koblenz.htm\">KOBLENZER BIERB\u00d6RSE <\/a>12.-14.JUNI 2026<\/p>\n\n\n\n<p><a href=\"https:\/\/www.bierfest-franken.de\/\" target=\"_blank\" rel=\"noreferrer noopener\">Fr\u00e4nkisches Bierfest N\u00fcrnberg <\/a> <\/p>\n\n\n\n<p><strong>JULI 2026<\/strong><\/p>\n\n\n\n<p><a href=\"https:\/\/www.facebook.com\/Artbeerfest\" target=\"_blank\" rel=\"noreferrer noopener\">ARTBEERFEST CAMINHA,PORTUGAL<\/a> 9.-12.JULI 2026<\/p>\n\n\n\n<p><strong>AUGUST 202<\/strong>6<\/p>\n\n\n\n<p><a href=\"https:\/\/thewhitehag.com\/pages\/hagstravaganza\">HAGSTRAVAGANCA BALLYMOTE IRLAND <\/a> 8.AUGUST 2026<\/p>\n\n\n\n<p><a href=\"https:\/\/alm-events.de\/bierfestival\/\">REDENER BIERFESTIVAL<\/a> <\/p>\n\n\n\n<p><a href=\"https:\/\/www.baslerbiermarkt.ch\/\" target=\"_blank\" rel=\"noreferrer noopener\">BASLER BIERMARKT<\/a> <\/p>\n\n\n\n<p><strong>SEPTEMBER 2026<\/strong><\/p>\n\n\n\n<p>BRUGS BEERFESTIVAL BR\u00dcGGE 12.-13.9.2026<\/p>\n\n\n\n<p><a href=\"https:\/\/www.facebook.com\/kirchbeier\/?locale=de_DE\">KIRCHBEIER LUXEMBOURG<\/a> <\/p>\n\n\n\n<p><strong>OKTOBER 2026<\/strong><\/p>\n\n\n\n<p><a href=\"https:\/\/metzbeerfest.com\/\" target=\"_blank\" rel=\"noreferrer noopener\">Metzer Craftbeerfest<\/a> <\/p>\n\n\n\n<p><a href=\"http:\/\/www.beerfestival.nottinghamcamra.org\/\">NOTTINGHAM ROBIN HOOD BEER AND CIDER FESTIVAL<\/a> <\/p>\n\n\n\n<p><a href=\"https:\/\/2025.turnhoutsbierfestival.be\">TURNHOUTS BEERFEST BELGIEN<\/a> <\/p>\n\n\n\n<p><strong>NOVEMBER 2026<\/strong><\/p>\n\n\n\n<p><\/p>\n\n\n\n<p><strong>DEZEMBER 2026<\/strong><\/p>\n\n\n\n<p><a href=\"http:\/\/www.kerstbierfestival.be\">KERSTBIER FESTIVAL ESSEN,BELGIEN<\/a> <\/p>\n\n\n\n<p><strong>FEBRUAR 2025<\/strong><\/p>\n\n\n\n<p><a href=\"https:\/\/www.beerandfoodattraction.it\/\" target=\"_blank\" rel=\"noreferrer noopener\">BEER ATTRACTION RIMINI <\/a>  16.-18.FEBRUAR 2025<\/p>\n\n\n\n<p><strong>M\u00c4RZ 2025<\/strong><\/p>\n\n\n\n<p><a href=\"https:\/\/www.sabf.eu\/\">Salon des Brasseurs et du Flipper ARLON BELGIEN<\/a> 8.-9-M\u00c4RZ 2025*<\/p>\n\n\n\n<p><a href=\"https:\/\/www.facebook.com\/letitbeerfest\/\" target=\"_blank\" rel=\"noreferrer noopener\">LET IT BEER BURGDORF CH<\/a> 21.-23.M\u00c4RZ 2025<\/p>\n\n\n\n<p><strong>APRIL 2025<\/strong><\/p>\n\n\n\n<p><a href=\"https:\/\/frankenbierfest.com\/\">FRANKENBIERFEST ROM<\/a> 11.-13.APRIL 2025*<\/p>\n\n\n\n<p><a href=\"https:\/\/warsawbeerfestival.com\/\">WARSCHAU BEERFESTIVAL PL <\/a>3.-5.APRIL 2025<\/p>\n\n\n\n<p><a href=\"https:\/\/barcelonabeerfestival.com\">BARCELONA BEERFEST SP<\/a> 11-13.APRIL 2025<\/p>\n\n\n\n<p><strong>MAI 2025<\/strong><\/p>\n\n\n\n<p><a href=\"https:\/\/www.facebook.com\/events\/mikkeller-beer-celebration-copenhagen\/mbcc-2025\/1166744474444783\/\" target=\"_blank\" rel=\"noreferrer noopener\">MIKKELLER KOPENHAGEN<\/a> DK 23.-24.MAI 2025<\/p>\n\n\n\n<p><strong>JUNI 2025<\/strong><\/p>\n\n\n\n<p><a href=\"https:\/\/www.bierfest-franken.de\/\" target=\"_blank\" rel=\"noreferrer noopener\">Fr\u00e4nkisches Bierfest N\u00fcrnberg <\/a> 18.-22.JUNI 2025*<\/p>\n\n\n\n<p><strong>JULI 2025<\/strong><\/p>\n\n\n\n<p><a href=\"https:\/\/www.facebook.com\/Artbeerfest\" target=\"_blank\" rel=\"noreferrer noopener\">ARTBEERFEST CAMINHA,PORTUGAL<\/a> 10-13.JULI 2025<\/p>\n\n\n\n<p><strong>AUGUST 2025<\/strong><\/p>\n\n\n\n<p><a href=\"https:\/\/alm-events.de\/bierfestival\/\">REDENER BIERFESTIVAL<\/a> 1.-3.AUGUST 2025*<\/p>\n\n\n\n<p><a href=\"https:\/\/www.baslerbiermarkt.ch\/\" target=\"_blank\" rel=\"noreferrer noopener\">BASLER BIERMARKT<\/a> 29.-30.AUGUST 2025<\/p>\n\n\n\n<p><a href=\"https:\/\/www.facebook.com\/festaebirres\/?locale=sq_AL\">BEERFEST KORCA ALBANIEN <\/a>13.-17.AUGUST 2025<\/p>\n\n\n\n<p><strong>SEPTEMBER 2025<\/strong><\/p>\n\n\n\n<p><a href=\"https:\/\/www.facebook.com\/kirchbeier\/?locale=de_DE\">KIRCHBEIER LUXEMBOURG<\/a>   27.-28.SEPTEMBER 2025<\/p>\n\n\n\n<p><strong>OKTOBER 2025<\/strong><\/p>\n\n\n\n<p><a href=\"https:\/\/metzbeerfest.com\/\" target=\"_blank\" rel=\"noreferrer noopener\">Metzer Craftbeerfest<\/a> 3.-4. OKTOBER 2025<\/p>\n\n\n\n<p><a href=\"http:\/\/www.beerfestival.nottinghamcamra.org\/\">NOTTINGHAM ROBIN HOOD BEER AND CIDER FESTIVAL<\/a> 8.-11.OKTOBER 2025<\/p>\n\n\n\n<p><a href=\"https:\/\/2025.turnhoutsbierfestival.be\">TURNHOUTS BEERFEST BELGIEN<\/a> 10.-12.OKTOBER 2025<\/p>\n\n\n\n<p><strong>NOVEMBER 2025<\/strong><\/p>\n\n\n\n<p><a href=\"https:\/\/baernerbierrundi.ch\/de\">B\u00c4RNER BIERRUNDE CH <\/a>14.-15.NOVEMBER 2025*<\/p>\n\n\n\n<p><strong>DEZEMBER 2025<\/strong><\/p>\n\n\n\n<p><a href=\"http:\/\/www.kerstbierfestival.be\">KERSTBIER FESTIVAL ESSEN,BELGIEN<\/a> 13.-14.DEZEMBER 2025<\/p>\n\n\n\n<p>-------------------------------------------------------------------------<\/p>\n\n\n\n<p>Archiv 2024<\/p>\n\n\n\n<p><strong>FEBRUAR 2024<\/strong><\/p>\n\n\n\n<p><a href=\"https:\/\/www.beerandfoodattraction.it\/\" target=\"_blank\" rel=\"noreferrer noopener\">BEER ATTRACTION RIMINI <\/a> 18.-20.FEBRUAR 2024<\/p>\n\n\n\n<p><strong>M\u00c4RZ 2024<\/strong><\/p>\n\n\n\n<p><a href=\"https:\/\/warsawbeerfestival.com\/\">WARSCHAU BEERFESTIVAL PL <\/a>21.-23.M\u00c4RZ 2024<\/p>\n\n\n\n<p><a href=\"https:\/\/www.facebook.com\/letitbeerfest\/\" target=\"_blank\" rel=\"noreferrer noopener\">LET IT BEER BURGDORF CH<\/a> 22.-24.M\u00c4RZ 2024<\/p>\n\n\n\n<p><a href=\"https:\/\/barcelonabeerfestival.com\">BARCELONA BEERFEST SP<\/a> 22.-24.M\u00c4RZ 2024<\/p>\n\n\n\n<p><strong>APRIL 2024<\/strong><\/p>\n\n\n\n<p>TAG DES DEUTSCHEN BIERES 23.APRIL 2024<\/p>\n\n\n\n<p>EVENTS UA. IN :<\/p>\n\n\n\n<p><a href=\"https:\/\/brauereigasthof-autenried.de\/gasthof\/gasthofbrauereihoffest-mit-oldtimertreffen-event18906?#content\">AUTENRIED <\/a>21.APRIL 2024<\/p>\n\n\n\n<p><a href=\"https:\/\/unser-braustuebl.de\/freunde\/events\/\">DARMSTADT <\/a>23.APRIL 2024<\/p>\n\n\n\n<p><a href=\"http:\/\/bierlustfestival.de\/\">BIERLUSTFESTIVAL SPEYER<\/a> 26.-27.APRIL 2024 *<\/p>\n\n\n\n<p> <a href=\"https:\/\/streekbierfestival.nl\/\">STREEKBIERFEST UTRECHT<\/a> NL 2.-5.APRIL 2024<\/p>\n\n\n\n<p> <a href=\"http:\/\/www.biertage.ch\">SOLOTHURNER BIERTAGE<\/a> CH  25-27.APRIL 2024<\/p>\n\n\n\n<p><a href=\"https:\/\/frankenbierfest.com\/\">FRANKENBIERFEST ROM<\/a><\/p>\n\n\n\n<p><strong>MAI 2024<\/strong><\/p>\n\n\n\n<p><a href=\"https:\/\/www.maisel.com\/presse-neuigkeiten\/34-maisels-weissbierfest-vom-2-bis-5-mai-2024\/\" data-type=\"link\" data-id=\"https:\/\/www.maisel.com\/presse-neuigkeiten\/34-maisels-weissbierfest-vom-2-bis-5-mai-2024\/\">MAISEL BAYREUTH WEISSBIERFEST<\/a> 2.-5.MAI 2024*<\/p>\n\n\n\n<p> <a href=\"https:\/\/www.facebook.com\/mbccopenhagen2020\/\" target=\"_blank\" rel=\"noreferrer noopener\">MIKKELLER KOPENHAGEN<\/a> DK  10.-11.MAI 2024<\/p>\n\n\n\n<p><a href=\"https:\/\/www.bierfest-franken.de\/\" target=\"_blank\" rel=\"noreferrer noopener\">Fr\u00e4nkisches Bierfest N\u00fcrnberg <\/a> 29.MAI-2.JUNI 2024<\/p>\n\n\n\n<p><strong>JUNI 2024<\/strong><\/p>\n\n\n\n<p><a href=\"https:\/\/bristolcraftbeerfestival.co.uk\/\">BRISTOL BEERFEST GB <\/a>7.-8.JUNI 2024<\/p>\n\n\n\n<p><a href=\"http:\/\/MIKROBRAUEREIFESTIVAL PRAGER BURG 12-13.Juni 2020\">MIKROBRAUEREIFESTIVAL PRAGER BURG <\/a>CZ 7.-8.JUNI 2024<\/p>\n\n\n\n<p><a href=\"http:\/\/www.kleinbrauer.de\/\">Kle<\/a><a href=\"http:\/\/www.kleinbrauer.de\/\" target=\"_blank\" rel=\"noreferrer noopener\">inbrauermarkt Ulm <\/a> 13.-16.JUNI 2024<\/p>\n\n\n\n<p><a href=\"https:\/\/belgradebeerfest.com\/\">BELGRAD BEERFEST SERBIEN<\/a> 20.-23.JUNI 2024*<\/p>\n\n\n\n<p><strong>AUGUST 2024<\/strong><\/p>\n\n\n\n<p><a href=\"https:\/\/alm-events.de\/bierfestival\/\">REDENER BIERFESTIVAL<\/a> 2.-4.AUGUST 2024*<\/p>\n\n\n\n<p><a href=\"https:\/\/www.baslerbiermarkt.ch\/\" target=\"_blank\" rel=\"noreferrer noopener\">BASLER BIERMARKT<\/a> 30.-31.AUGUST 2024<\/p>\n\n\n\n<p><a href=\"https:\/\/festaebirres.com\/\">BEERFEST KORCA ALBANIEN <\/a>14.-18.AUGUST 2024*<\/p>\n\n\n\n<p><strong>OKTOBER 2024<\/strong><\/p>\n\n\n\n<p><\/p>\n\n\n\n<p><a href=\"https:\/\/metzbeerfest.com\/\" target=\"_blank\" rel=\"noreferrer noopener\">Metzer Craftbeerfest<\/a> 4.-5. OKTOBER 2024*<\/p>\n\n\n\n<p><a href=\"http:\/\/www.beerfestival.nottinghamcamra.org\/\">NOTTINGHAM ROBIN HOOD BEER AND CIDER FESTIVAL<\/a> 9.-12.OKTOBER 2024<\/p>\n\n\n\n<p><a href=\"https:\/\/www.hoppydays.be\/\">Hoppy Days L\u00dcTTICH BELGIEN <\/a>18.-20 OKTOBER 2024<\/p>\n\n\n\n<p><strong>NOVEMBER 2024<\/strong><\/p>\n\n\n\n<p><a href=\"https:\/\/www.superbierfest.at\">SUPERBIERFEST WIEN<\/a> 8.-9.11.NOVEMBER 2024<\/p>\n\n\n\n<p><a href=\"https:\/\/vafest.lt\/en\/\">VILNIUS BEERFEST LITAUEN<\/a> 29.-30.NOVEMBER 2024<\/p>\n\n\n\n<p><strong>DEZEMBER 2024<\/strong><\/p>\n\n\n\n<p><a href=\"http:\/\/www.kerstbierfestival.be\">KERSTBIER FESTIVAL ESSEN,BELGIEN<\/a> 14.-15.DEZEMBER 2024<\/p>\n\n\n\n<p>--------------------------------------------------------------------------------------------------------------------<\/p>\n\n\n\n<p><strong>Archiv 2023<\/strong><\/p>\n\n\n\n<p><\/p>\n\n\n\n<p><a href=\"http:\/\/www.kleinbrauer.de\/\">Kle<\/a><a rel=\"noreferrer noopener\" href=\"http:\/\/www.kleinbrauer.de\/\" target=\"_blank\">inbrauermarkt Ulm <\/a> 11-13.Mai 2023<\/p>\n\n\n\n<p><strong>JUNI 2023<\/strong><\/p>\n\n\n\n<p><a href=\"http:\/\/www.brugsbierfestival.be\/\">BRUGGS BEERFESTIVAL BRUGGE<\/a> 10-11.Juni 2023<\/p>\n\n\n\n<p><a rel=\"noreferrer noopener\" href=\"https:\/\/www.bierfest-franken.de\/\" target=\"_blank\">Fr\u00e4nkisches Bierfest N\u00fcrnberg <\/a> 8-11.Juni 2023<\/p>\n\n\n\n<p><a href=\"https:\/\/www.pivomol.cz\/sites\/default\/files\/articles\/65568800_1975927875846731_6809989192647442432_o.jpg\" target=\"_blank\" rel=\"noreferrer noopener\">MIKROBRAUEREIFESTIVAL PRAGER BURG <\/a> 9-10.Juni 2023<\/p>\n\n\n\n<p><a rel=\"noreferrer noopener\" href=\"http:\/\/www.craftbierfestival.de\" target=\"_blank\">Craftbeerfest Regensburg<\/a> 23-25.Juni 2023<\/p>\n\n\n\n<p><strong>JULI 2023<\/strong><\/p>\n\n\n\n<p><a rel=\"noreferrer noopener\" href=\"https:\/\/www.facebook.com\/Artbeerfest\" target=\"_blank\">ARTBEERFEST CAMINHA,PORTUGAL<\/a> 13-16.Juli 2023 <\/p>\n\n\n\n<p><a href=\"http:\/\/www.pivnifestivalbrno.cz\/\">BIERFEST BRNO<\/a> 31.Juli- 4. August 2023<\/p>\n\n\n\n<p><strong>AUGUST 2023<\/strong><\/p>\n\n\n\n<p><a rel=\"noreferrer noopener\" href=\"https:\/\/www.baslerbiermarkt.ch\/\" target=\"_blank\">BASLER BIERMARKT<\/a> 25.-26.August 2023<\/p>\n\n\n\n<p><strong>SEPTEMBER 2023<\/strong><\/p>\n\n\n\n<p><a rel=\"noreferrer noopener\" href=\"https:\/\/www.maiselandfriends.com\/de\/termine-und-events\/festivals\/craft-brauer-festival\/\" target=\"_blank\">MAISEL &amp; FRIENDS CRAFTBEERFEST<\/a> 8.-9.SEPTEMBER 2023<\/p>\n\n\n\n<p><a href=\"https:\/\/www.facebook.com\/photo\/?fbid=786449079938627&amp;set=pb.100057206269939.-2207520000&amp;locale=de_DE\" target=\"_blank\" rel=\"noreferrer noopener\">KLEINE BRAUER GROSSE BIERE BURGHAUSEN  <\/a> 9.SEPTEMBER 2023<\/p>\n\n\n\n<p><strong>OKTOBER 2023<\/strong><\/p>\n\n\n\n<p><a rel=\"noreferrer noopener\" href=\"https:\/\/www.lifestyle-tr.de\/stories-detailseite\/detail\/7-trierer-bierfestival-am-89-oktober-11110.html\" target=\"_blank\">Trierer Bierfestival Treffen der kreativen Braukunst im Blesius Garten Trier<\/a> 13.-14.OKTOBER 2023<\/p>\n\n\n\n<p><a rel=\"noreferrer noopener\" href=\"https:\/\/metzbeerfest.com\/\" target=\"_blank\">Metzer Craftbeerfest<\/a> 6.-7. OKTOBER 2023<\/p>\n\n\n\n<p><a href=\"http:\/\/www.beerfestival.nottinghamcamra.org\/\">NOTTINGHAM ROBIN HOOD BEER AND CIDER FESTIVAL<\/a> 11.-14.OKTOBER 2023<\/p>\n\n\n\n<p><strong>DEZEMBER 2023<\/strong><\/p>\n\n\n\n<p><a href=\"http:\/\/www.kerstbierfestival.be\">KERSTBIER FESTIVAL ESSEN,BELGIEN<\/a> 16-17.DEZEMBER 2023<\/p>\n\n\n\n<p><a href=\"https:\/\/www.facebook.com\/events\/873424694301088\/?acontext=%7B%22event_action_history%22%3A[]%7D\">DOGTAP BERLIN Silvestervent <\/a><\/p>\n\n\n\n<p>--------------------------------------------------------------------------------------------------------------------<\/p>\n\n\n\n<p><strong>ARCHIV 2022<\/strong><\/p>\n\n\n\n<p>M\u00c4RZ 2022<\/p>\n\n\n\n<p><a href=\"http:\/\/www.brugsbierfestival.be\/\" target=\"_blank\" rel=\"noreferrer noopener\">BRUGGS BEERFESTIVAL BRUGGE<\/a> <\/p>\n\n\n\n<p><a rel=\"noreferrer noopener\" href=\"https:\/\/www.beerandfoodattraction.it\/\" target=\"_blank\">BEER ATTRACTION RIMINI <\/a> <\/p>\n\n\n\n<p><a rel=\"noreferrer noopener\" href=\"https:\/\/www.facebook.com\/letitbeerfest\/\" target=\"_blank\">LET IT BEER BURGDORF CH<\/a> *<\/p>\n\n\n\n<p>APRIL 2022<\/p>\n\n\n\n<p> <a href=\"https:\/\/streekbierfestival.nl\/\">STREEKBIERFEST UTRECHT<\/a> <\/p>\n\n\n\n<p> <a href=\"https:\/\/www.zbf.be\/\">ZYTHOS LEUVEN (B)<\/a>   <\/p>\n\n\n\n<p> <a href=\"http:\/\/www.biertage.ch\">SOLOTHURNER BIERTAGE<\/a> <\/p>\n\n\n\n<p>MAI 2022<\/p>\n\n\n\n<p> <a rel=\"noreferrer noopener\" href=\"https:\/\/www.facebook.com\/mbccopenhagen2020\/\" target=\"_blank\">MIKKELLER KOPENHAGEN<\/a>  <\/p>\n\n\n\n<p><a href=\"http:\/\/www.kleinbrauer.de\/\">Kle<\/a><a href=\"http:\/\/www.kleinbrauer.de\/\" target=\"_blank\" rel=\"noreferrer noopener\">inbrauermarkt Ulm <\/a>*<\/p>\n\n\n\n<p> <a rel=\"noreferrer noopener\" href=\"https:\/\/www.facebook.com\/CraftAndVinyl\" target=\"_blank\">Craft Beer &amp; Vinyl Music Festival Lemberg Ukraine#7<\/a>  gecanceled<\/p>\n\n\n\n<p>JUNI 2022<\/p>\n\n\n\n<p><a href=\"http:\/\/www.craftbierfestival.de\" target=\"_blank\" rel=\"noreferrer noopener\">Craftbeerfest Regensburg<\/a><\/p>\n\n\n\n<p><a rel=\"noreferrer noopener\" href=\"https:\/\/www.bierfest-franken.de\/\" target=\"_blank\">Fr\u00e4nkisches Bierfest N\u00fcrnberg <\/a>*<\/p>\n\n\n\n<p><strong><a href=\"https:\/\/bierstrasse.jimdosite.com\" target=\"_blank\" rel=\"noreferrer noopener\">Brandenburger Brauereitreffen<br>am 17. und 18. Juni 2022<br>auf dem Marktplatz in Finsterwalde<\/a><\/strong><\/p>\n\n\n\n<p>Anmerkung : \u00c4rgerlich wenn gleich mehrere Festivals am gleichen Wochenende sind <\/p>\n\n\n\n<p>JULI 2022<\/p>\n\n\n\n<p><a href=\"http:\/\/www.pivnifestivalbrno.cz\/\">BIERFEST BRNO<\/a> 29.Juli- 2. August 2022<\/p>\n\n\n\n<p>AUGUST 2022<\/p>\n\n\n\n<p><a href=\"http:\/\/hopfenwandertag.de\/\">HOPFENWANDERUNG TETTNANG <\/a> 7.August 2022 <\/p>\n\n\n\n<p><a href=\"https:\/\/suuretoluet.fi\/\">SUURET OLUET-PIENET PANIMOT (Kleine Brauereien \u2013 Gro\u00dfe Biere) TURKU,FINNLAND<\/a> 11.-13.August <\/p>\n\n\n\n<p><a href=\"https:\/\/www.baslerbiermarkt.ch\/\">BASLER BIERMARKT<\/a> 26.-27.August 2022<\/p>\n\n\n\n<p><a href=\"http:\/\/belgradebeerfest.com\/\">BELGRAD BEERFEST<\/a> 18.-22.August 2022<\/p>\n\n\n\n<p>SEPTEMBER 2022<\/p>\n\n\n\n<p><a rel=\"noreferrer noopener\" href=\"http:\/\/www.rittmayer.de\" target=\"_blank\">600 JAHRE BRAUEREI RITTMAYER <\/a>1.-4. September 2022<\/p>\n\n\n\n<p><a href=\"https:\/\/www.facebook.com\/events\/381707559441816\/?event_time_id=381707566108482\">LUXEMBOURG CRAFTBEER CELEBRATION<\/a>  17.September 2022 <\/p>\n\n\n\n<p><\/p>\n\n\n\n<p>--------------------------------------------------------------------------------------------------------------------<\/p>\n\n\n\n<p style=\"font-size:31px\"><strong>ARCHIV<\/strong> 2020<\/p>\n\n\n\n<p class=\"has-vivid-red-color has-text-color\">JANUAR<\/p>\n\n\n\n<p><a href=\"http:\/\/karlsruher-craftbeer-festival.de\/\">KARLSRUHE CRAFTBEER FEST<\/a> CANCELED <\/p>\n\n\n\n<p><a href=\"https:\/\/mancbeerfest.uk\/\">MANCHESTER BEERFEST<\/a> 22.-25.Januar 2020<\/p>\n\n\n\n<p><a href=\"https:\/\/www.braukunst-live-muenchen.de\/\">BRAUKUNST LIVE M\u00dcNCHEN<\/a> 31.Januar - 1.Februar 2020*<\/p>\n\n\n\n<p class=\"has-vivid-red-color has-text-color\">FEBRUAR<\/p>\n\n\n\n<p><a href=\"http:\/\/www.brugsbierfestival.be\/\">BRUGGS BEERFESTIVAL BRUGGE<\/a> CANCELED 2021<\/p>\n\n\n\n<p><a href=\"https:\/\/www.beerandfoodattraction.it\/\" target=\"_blank\" rel=\"noreferrer noopener\">BEER ATTRACTION RIMINI <\/a> 15.-18.Februar 2020<\/p>\n\n\n\n<p class=\"has-vivid-red-color has-text-color\">M\u00c4RZ<\/p>\n\n\n\n<p><a href=\"https:\/\/barcelonabeerfestival.com\/\">BARCELONA BEERFESTIVAL<\/a>  13.-15.M\u00e4rz 2020 CANCELED (Corona)<\/p>\n\n\n\n<p><a href=\"https:\/\/www.facebook.com\/letitbeerfest\/\">LET IT BEER BURGDORF (CH)<\/a>  27.-28.M\u00e4rz 2020  CANCELED (Corona) <\/p>\n\n\n\n<p><a href=\"https:\/\/warszawskifestiwalpiwa.pl\/en\/\">WARSCHAU BEERFEST <\/a> 26.-28.M\u00e4rz 2020  CANCELED (Corona) <\/p>\n\n\n\n<p class=\"has-vivid-red-color has-text-color\">APRIL<\/p>\n\n\n\n<p><a href=\"https:\/\/www.brewdog.com\/punkagm2020?utm_source=bm23&amp;utm_medium=email&amp;utm_term=Image+-+BrewDog+Punk+AGM+2020+%7C+Saturday+11th+April+2020&amp;utm_content=Punk+Annual+General+Mayhem+2020+-+tickets+on+sale+now!&amp;utm_campaign=%5BEV-EV-MAN%5D+AGM+2020&amp;_bta_tid=05460663691401960559732694225402432670111794821359666810648350684751496490547585799042457077645008345997834\">BREWDOG AGP ABERDEEN (GB)<\/a> 11.April 2020  CANCELED (Corona) <\/p>\n\n\n\n<p><a href=\"https:\/\/www.zbf.be\/\">ZYTHOS LEUVEN (B)<\/a>   2021 CANCELED (Corona) <\/p>\n\n\n\n<p><a href=\"http:\/\/www.biertage.ch\">SOLOTHURNER BIERTAGE<\/a> 23.-25.April 2020  CANCELED (Corona) <\/p>\n\n\n\n<p><a href=\"https:\/\/salonpiva.beer\/Sk\/23\">SALON PIVA BRATISLAVA<\/a> 22.-24.April 2020  CANCELED (Corona) <\/p>\n\n\n\n<p class=\"has-vivid-red-color has-text-color\">MAI<\/p>\n\n\n\n<p><a href=\"https:\/\/www.facebook.com\/mbccopenhagen2020\/\">MIKKELLER KOPENHAGEN<\/a> 8.-9.Mai 2020  CANCELED (Corona) <\/p>\n\n\n\n<p><a href=\"https:\/\/www.ale.dk\">KOPENHAGEN BEERFESTIVAL<\/a> 14.-16.Mai 2020  CANCELED (Corona)  <\/p>\n\n\n\n<p><a href=\"http:\/\/www.kleinbrauer.de\/\">KLEINBRAUERMARKT ULM <\/a>15.-17.Mai 2020  CANCELED (Corona)  <\/p>\n\n\n\n<p><a href=\"https:\/\/www.facebook.com\/events\/451666772298682\/\">BUDAPEST BEERWEEK<\/a> 18-24.Mai 2020  CANCELED (Corona)<\/p>\n\n\n\n<p><a href=\"https:\/\/www.facebook.com\/zagrebbeerfest\/\">ZAGREB BEERFEST<\/a><\/p>\n\n\n\n<p class=\"has-vivid-red-color has-text-color\">JUNI<\/p>\n\n\n\n<p><a href=\"https:\/\/www.pivomol.cz\/sites\/default\/files\/articles\/65568800_1975927875846731_6809989192647442432_o.jpg\">MIKROBRAUEREIFESTIVAL PRAGER BURG <\/a>12-13.Juni 2020* CANCELED (Corona)<\/p>\n\n\n\n<p><a href=\"https:\/\/www.bierfest-franken.de\/\">FR\u00c4NKISCHES BIERFEST N\u00dcRNBERG <\/a>  10.-14.Juni 2020*CANCELED (Corona)<\/p>\n\n\n\n<p class=\"has-vivid-red-color has-text-color\">JULI<\/p>\n\n\n\n<p><a href=\"https:\/\/www.facebook.com\/Artbeerfest\" target=\"_blank\" rel=\"noreferrer noopener\">ARTBEERFEST CAMINHA,PORTUGAL<\/a> 8.-10.Juli 2020 CANCELED (Corona)<\/p>\n\n\n\n<p><a href=\"http:\/\/www.pivnifestivalbrno.cz\/\">BIERFEST BRNO<\/a> 31.Juli- 3. August 2020<\/p>\n\n\n\n<p class=\"has-vivid-red-color has-text-color\">AUGUST<\/p>\n\n\n\n<p>BERLINER BIERMEILE (D) CANCELED<\/p>\n\n\n\n<p><a href=\"http:\/\/hopfenwandertag.de\/\">HOPFENWANDERUNG TETTNANG <\/a> 2.August 2020*  CANCELED (Corona)<\/p>\n\n\n\n<p><a href=\"https:\/\/suuretoluet.fi\/\">SUURET OLUET-PIENET PANIMOT (Kleine Brauereien \u2013 Gro\u00dfe Biere) TURKU,FINNLAND<\/a><\/p>\n\n\n\n<p><a href=\"http:\/\/belgradebeerfest.com\/\">BELGRAD BEERFEST<\/a> 16.-18.August 2020<\/p>\n\n\n\n<p><a href=\"https:\/\/www.baslerbiermarkt.ch\/\">BASLER BIERMARKT<\/a> 28.-29.August 2020*CANCELED (Corona)<\/p>\n\n\n\n<p class=\"has-vivid-red-color has-text-color\">SEPTEMBER<\/p>\n\n\n\n<p><a href=\"https:\/\/www.facebook.com\/events\/1099211313605505\/\">CRAFT BRAUER FEST BAYREUTH<\/a> 4.-5.September 2020 CANCELED (Corona)<\/p>\n\n\n\n<p><a href=\"https:\/\/www.facebook.com\/events\/381707559441816\/?event_time_id=381707566108482\">LUXEMBOURG CRAFTBEER CELEBRATION<\/a>  19.-20.September 2020 CANCELED (Corona)<\/p>\n\n\n\n<p><a href=\"http:\/\/www.slunceveskle.cz\/\">SLUNCE VE SKLE (Sonne im Glas) PLZEN<\/a> 19.-20.September 2020<\/p>\n\n\n\n<p><a href=\"https:\/\/www.facebook.com\/kyivbeerfestival\/\">KIEW BEERFEST<\/a> keine aktuellen Infos<\/p>\n\n\n\n<p><a href=\"https:\/\/www.facebook.com\/events\/2964493510259532\">Craft Beer &amp; Vinyl Music Festival Lemberg Ukraine#7<\/a>   25.-27.September 2020<\/p>\n\n\n\n<p><a href=\"https:\/\/www.irishcraftbeerfestival.ie\/\">IRISH CRAFTBEERFESTIVAL DUBLIN<\/a> <\/p>\n\n\n\n<p class=\"has-vivid-red-color has-text-color\">OKTOBER<\/p>\n\n\n\n<p>METZ BEERFEST CANCELED (Corona)<\/p>\n\n\n\n<p>BEER TASTING EVENT SALZBURG  CANCELED (Corona)<\/p>\n\n\n\n<p><a href=\"https:\/\/romebeerfest.com\/\">ROM BEERFEST<\/a> keine aktuellen Infos<\/p>\n\n\n\n<p><a href=\"http:\/\/www.beerfestival.nottinghamcamra.org\/\">NOTTINGHAM ROBIN HOOD BEER AND CIDER FESTIVAL<\/a> 2020 CANCELED<\/p>\n\n\n\n<p><a href=\"https:\/\/www.facebook.com\/events\/378054789637878\/\">GREAT SWEDISH BEERFESTIVAL MALM\u00d6<\/a> 2020 CANCELED (Corona)<\/p>\n\n\n\n<p class=\"has-vivid-red-color has-text-color\">NOVEMBER<\/p>\n\n\n\n<p><a href=\"https:\/\/streekbierfestival.nl\/\">STREEKBIERFEST UTRECHT<\/a> Verschoben auf April 2021<\/p>\n\n\n\n<p><a href=\"http:\/\/porterfestival.se\/\">PORTERFESTIVAL G\u00d6TEBORG<\/a>  <\/p>\n\n\n\n<p class=\"has-vivid-red-color has-text-color\">DEZEMBER<\/p>\n\n\n\n<p><a href=\"http:\/\/www.kerstbierfestival.be\">KERSTBIER FESTIVAL ESSEN,BELGIEN<\/a> 2020CANCELED (Corona)<\/p>\n\n\n\n<p><a href=\"https:\/\/www.facebook.com\/events\/2352933671492977\/\">DOGTAP BERLIN Silvestervent<\/a> keine aktuellen Infos<\/p>\n\n\n\n<p><\/p>\n","protected":false},"excerpt":{"rendered":"*bin dabei. mehr Tipps unter https:\/\/bestbeerfestivals.com\/ FEBRUAR 2026 BEER ATTRACTION RIMINI 15.-17.FEBRUAR 2026 M\u00c4RZ 2026 Salon des Brasseurs et du Flipper ARLON BELGIEN 14.-15.M\u00c4RZ 2026 LET IT BEER BURGDORF CH 20.-22.M\u00c4RZ 2026 APRIL 2026 FRANKENBIERFEST ROM 10.-12.APRIL 2026 BARCELONA BEERFEST SP 10.-12.APRIL 2026 TAG DES DEUTSCHEN BIERES 23.APRIL 2026 EVENTS UA. IN : AUTENRIED 19.APRIL [&hellip;]","protected":false},"author":1,"featured_media":0,"parent":0,"menu_order":0,"comment_status":"closed","ping_status":"closed","template":"","meta":{"footnotes":""},"class_list":["post-31","page","type-page","status-publish","hentry"],"jetpack_sharing_enabled":true,"_links":{"self":[{"href":"https:\/\/topklasse.lima-city.de\/index.php?rest_route=\/wp\/v2\/pages\/31","targetHints":{"allow":["GET"]}}],"collection":[{"href":"https:\/\/topklasse.lima-city.de\/index.php?rest_route=\/wp\/v2\/pages"}],"about":[{"href":"https:\/\/topklasse.lima-city.de\/index.php?rest_route=\/wp\/v2\/types\/page"}],"author":[{"embeddable":true,"href":"https:\/\/topklasse.lima-city.de\/index.php?rest_route=\/wp\/v2\/users\/1"}],"replies":[{"embeddable":true,"href":"https:\/\/topklasse.lima-city.de\/index.php?rest_route=%2Fwp%2Fv2%2Fcomments&post=31"}],"version-history":[{"count":123,"href":"https:\/\/topklasse.lima-city.de\/index.php?rest_route=\/wp\/v2\/pages\/31\/revisions"}],"predecessor-version":[{"id":596,"href":"https:\/\/topklasse.lima-city.de\/index.php?rest_route=\/wp\/v2\/pages\/31\/revisions\/596"}],"wp:attachment":[{"href":"https:\/\/topklasse.lima-city.de\/index.php?rest_route=%2Fwp%2Fv2%2Fmedia&parent=31"}],"curies":[{"name":"wp","href":"https:\/\/api.w.org\/{rel}","templated":true}]}}